{"id":27978,"date":"2023-01-13T17:58:14","date_gmt":"2023-01-13T15:58:14","guid":{"rendered":"https:\/\/johvi.oceansushi.ee\/%d1%83%d1%81%d0%bb%d0%be%d0%b2%d0%b8%d1%8f-%d0%b8-%d0%bf%d0%be%d0%bb%d0%be%d0%b6%d0%b5%d0%bd%d0%b8%d1%8f\/"},"modified":"2025-06-02T11:22:45","modified_gmt":"2025-06-02T08:22:45","slug":"%d1%83%d1%81%d0%bb%d0%be%d0%b2%d0%b8%d1%8f-%d0%b8-%d0%bf%d0%be%d0%bb%d0%be%d0%b6%d0%b5%d0%bd%d0%b8%d1%8f","status":"publish","type":"page","link":"https:\/\/johvi.oceansushi.ee\/ru\/terms\/","title":{"rendered":"\u0423\u0441\u043b\u043e\u0432\u0438\u044f \u0437\u0430\u043a\u0430\u0437\u0430"},"content":{"rendered":"\t\t<div data-elementor-type=\"wp-page\" data-elementor-id=\"27978\" class=\"elementor elementor-27978 elementor-15721\" data-elementor-post-type=\"page\">\n\t\t\t\t\t\t<section class=\"elementor-section elementor-top-section elementor-element elementor-element-088bf2d elementor-section-boxed elementor-section-height-default elementor-section-height-default\" data-id=\"088bf2d\" data-element_type=\"section\">\n\t\t\t\t\t\t<div class=\"elementor-container elementor-column-gap-no\">\n\t\t\t\t\t<div class=\"elementor-column elementor-col-100 elementor-top-column elementor-element elementor-element-5d643c7\" data-id=\"5d643c7\" data-element_type=\"column\">\n\t\t\t<div class=\"elementor-widget-wrap elementor-element-populated\">\n\t\t\t\t\t\t<div class=\"elementor-element elementor-element-e7d65e3 elementor-widget elementor-widget-heading\" data-id=\"e7d65e3\" data-element_type=\"widget\" data-widget_type=\"heading.default\">\n\t\t\t\t<div class=\"elementor-widget-container\">\n\t\t\t\t\t<h2 class=\"elementor-heading-title elementor-size-default\">\u0423\u0441\u043b\u043e\u0432\u0438\u044f \u0438 \u043f\u043e\u043b\u043e\u0436\u0435\u043d\u0438\u044f<\/h2>\t\t\t\t<\/div>\n\t\t\t\t<\/div>\n\t\t\t\t\t<\/div>\n\t\t<\/div>\n\t\t\t\t\t<\/div>\n\t\t<\/section>\n\t\t\t\t<section class=\"elementor-section elementor-top-section elementor-element elementor-element-304775d1 elementor-section-boxed elementor-section-height-default elementor-section-height-default\" data-id=\"304775d1\" data-element_type=\"section\">\n\t\t\t\t\t\t<div class=\"elementor-container elementor-column-gap-no\">\n\t\t\t\t\t<div class=\"elementor-column elementor-col-100 elementor-top-column elementor-element elementor-element-784f3e5c\" data-id=\"784f3e5c\" data-element_type=\"column\">\n\t\t\t<div class=\"elementor-widget-wrap elementor-element-populated\">\n\t\t\t\t\t\t<div class=\"elementor-element elementor-element-7d4196ba elementor-widget elementor-widget-text-editor\" data-id=\"7d4196ba\" data-element_type=\"widget\" data-widget_type=\"text-editor.default\">\n\t\t\t\t<div class=\"elementor-widget-container\">\n\t\t\t\t\t\t\t\t\t<h3>\u00dclds\u00e4tted<\/h3>\n<p>Veebipoe www.oceansushi.ee omanik on Ocean Sushi Baar O\u00dc (registrinumber: 17246739)<\/p>\n<p>Arvutused tehakse euro v\u00e4\u00e4ringus (EUR).<\/p>\n<p>Tegevus- ja juriidiline aadress on:<br \/>Keskv\u00e4ljak 9-2 J\u00f5hvi, J\u00f5hvi vald, Ida-Virumaa 41531<br \/>E-post: <a href=\"mailto:johvi@oceansushi.ee\">johvi@oceansushi.ee<\/a><\/p>\n<h3>Internetis tellimine<\/h3>\n<p>Veebipoes tellimusi v\u00f5etakse vastu E..N 11\u201321.40, R&#8230;L 11\u201322.40, \u2028P 11\u201321.40.<\/p>\n<p>Maksed tehakse l\u00e4bi Montonio (maksmine toimub Swedbanki, SEB, LHV, Luminori pangas\u00fcsteemide kaudu) elektroonilise s\u00fcsteemi, sularaha \/ kaardiga terminali kaudu k\u00e4ttesaamisel.<\/p>\n<p>1. Lisage tooted ostukorvi ja j\u00e4tkake kassaga.<\/p>\n<p>2. T\u00e4itke vajalikud andmed ja valige sobiv k\u00e4ttesaamise viis.<\/p>\n<p>3. Valige sobiv makseviis. L\u00f5plik tellimuse summa kassas v\u00f5ib varieeruda s\u00f5ltuvalt valitud kohaletoimetamise v\u00f5imalusest v\u00f5i teatud kaupade arvust.<\/p>\n<p>4. Kontrollige oma ostukorvi. Kinnitage oma n\u00f5usolek tellimuse tingimustega, m\u00e4rkides selle ruudu ja kl\u00f5psake nuppu \u201cEsita tellimus\u201d.<\/p>\n<h3>Kohaletoimetamine<\/h3>\n<p>Ocean Sushi Baar korraldab toidu ja jookide k\u00e4ttetoimetamist. Korralduse t\u00e4itmine E..N 11\u201322, R&#8230;L 11\u201323, \u2028P 11\u201322.<\/p>\n<p>Kui tegemist on tavalise restorani koormusega: Kuller saabub 1 tunni jooksul. Kui tulete ise j\u00e4rgi, siis 20 minutit<\/p>\n<p>Restoranide t\u00e4ituvuse suurenemise korral: Kuller saabub 1.5 tunni jooksul. J\u00e4reletulemisega 30 minutit<\/p>\n<p>N\u00e4dalavahetustel, riigip\u00fchadel ja eriti suurel restoranide t\u00e4ituvuse ajal: Kuller saabub 2 tunni jooksul. J\u00e4reletulemisega 40 minutit<\/p>\n<p>Me teavitame sellest iga klienti meie veebilehel.<\/p>\n<p>Tarneaeg v\u00f5ib varieeruda s\u00f5ltuvalt k\u00f6\u00f6gi koormusest ja liiklusoludest.<\/p>\n<h3>Vaidlused<\/h3>\n<p>Kasutustingimuste kasutamisest tulenevad vaidlused lahendatakse kliendi ja Ivmala Grupp O\u00dc vahelise kokkuleppega. Kasutustingimuste muutumisel kasutatakse s\u00f5nastust, mis valitses probleemi lahendamisel hetkel. Kasutustingimusi reguleerib Eesti seadus.<\/p>\n<h3>Ostu tagastamine<\/h3>\n<p>14-p\u00e4evane taganemis\u00f5igus ei kehti kiiresti riknevate kaupade suhtes, mis sisaldavad tooteid (vastavalt tarbijakaitse osakonna seadusele)<\/p>\n<h3>Isikuandmete t\u00f6\u00f6tlemine<\/h3>\n<p>Veebipoe www.oceansushi.ee isikuandmete t\u00f6\u00f6tleja on Ivmala Grupp O\u00dc (registrinumber: 12592684).<\/p>\n<h3>Kontaktinfo<\/h3>\n<p>Keskv\u00e4ljak 9-2 J\u00f5hvi, J\u00f5hvi vald, Ida-Virumaa 41531<br \/>E-post: <a href=\"mailto:johvi@oceansushi.ee\">johvi@oceansushi.ee<\/a><\/p>\n<p><strong>Milliseid isikuandmeid t\u00f6\u00f6deldakse<\/strong><br \/>\u2013 nimi, telefoninumber ja e-posti aadress;<br \/>\u2013 kauba tarneaadress;<br \/>\u2013 kaupade ja teenuste maksumus ning maksetega seotud andmed (ostuajalugu);<br \/>\u2013 klienditoe pakkumiseks vajalikud andmed.<\/p>\n<p><strong>Mis eesm\u00e4rgil isikuandmeid t\u00f6\u00f6deldakse<\/strong><br \/>\u2013 Isikuandmeid kasutatakse klientide tellimuste haldamiseks ja kaupade tarnimiseks.<br \/>\u2013 Ostuajaloo andmeid (ostukuup\u00e4ev, toode, kogus, kliendiandmed) kasutatakse ostetud kaupade ja teenuste \u00fclevaate koostamiseks ning klientide eelistuste anal\u00fc\u00fcsimiseks.<br \/>\u2013 Isikuandmeid, nagu e-posti aadress, telefoninumber, kliendi nimi, t\u00f6\u00f6deldakse kaupade ja teenustega seotud probleemide lahendamiseks (klienditugi).<br \/>\u2013 Veebipoe kasutaja IP-aadressi v\u00f5i muid v\u00f5rguidentifikaatoreid t\u00f6\u00f6deldakse veebipoe poolt teenuste pakkumiseks info\u00fchiskonna osana ning Interneti kasutamise statistika pidamiseks.<\/p>\n<h3>\u00d5iguslik alus<\/h3>\n<p>Isikuandmete t\u00f6\u00f6tlemine toimub juriidilise kohustuse t\u00e4itmiseks (n\u00e4iteks raamatupidamine ja tarbijavaidluste lahendamine).<\/p>\n<p><strong>Saajad, kellele isikuandmeid edastatakse<\/strong><br \/>Isikuandmeid jagatakse veebipoe klienditoega, et hallata oste ja ostude ajalugu ning lahendada klientide probleeme.<\/p>\n<p>Nimi, telefoninumber, aadress ja e-posti aadress saadetakse meie kulleritele.<\/p>\n<p>Kui veebipoe raamatupidamist peab vastava teenuse pakkuja, edastatakse isikuandmed raamatupidamistoimingute tegemiseks vastava teenuse pakkujale.<\/p>\n<p>Isikuandmeid v\u00f5idakse edastada infotehnoloogia teenuse pakkujatele, kui see on vajalik veebipoe v\u00f5i andmete salvestamise funktsionaalsuse tagamiseks.<\/p>\n<p>Ivmala Grupp O\u00dc on peamine isikuandmete t\u00f6\u00f6tleja, edastab maksete tegemiseks vajalikud isikuandmed Montonio-le.<\/p>\n<h3>Turvalisus ja andmetele juurdep\u00e4\u00e4s<\/h3>\n<p>Isikuandmeid hoitakse Zone Media O\u00dc serverites, mis asuvad Euroopa Liidu liikmesriigi v\u00f5i Euroopa Majanduspiirkonnaga liitunud riikide territooriumil. Andmeid saab edastada riikidesse, kus Euroopa Komisjon on hinnanud andmekaitse taset piisavaks, samuti USA ettev\u00f5tetele, kes on \u00fchinenud Privacy Shieldi \u00fcldise kontseptsiooniga.<\/p>\n<p>Veebipoe t\u00f6\u00f6tajatel on juurdep\u00e4\u00e4s isikuandmetele, kes saavad tutvuda isikuandmetega, et lahendada veebipoe kasutamisega seotud tehnilisi probleeme ja osutada klienditoe teenuseid.<\/p>\n<p>Veebipood rakendab asjakohaseid f\u00fc\u00fcsilisi, organisatsioonilisi ja infotehnoloogilisi turvameetmeid, et kaitsta isikuandmeid juhusliku v\u00f5i ebaseadusliku h\u00e4vitamise, kadumise, muutmise v\u00f5i volitamata juurdep\u00e4\u00e4su ja avalikustamise eest.<\/p>\n<p>Isikuandmete edastamine veebipoe volitatud t\u00f6\u00f6tlejatele (n\u00e4iteks transporditeenuse pakkujale ja andmete salvestamisele) toimub veebipoe ja volitatud t\u00f6\u00f6tlejatega s\u00f5lmitud lepingute alusel. Isikuandmete t\u00f6\u00f6tlemisel peavad volitatud t\u00f6\u00f6tlejad tagama asjakohased kaitsemeetmed.<\/p>\n<h3>Isikuandmetega tutvumine ja nende parandamine<\/h3>\n<p>Veebipoe kasutajaprofiilis saate tutvuda isikuandmetega ja teha nendes parandusi. Kui ost tehti ilma kasutajakontot loomata, leiate isikuandmed klienditoe poole p\u00f6\u00f6rdumisel.<\/p>\n<h3>N\u00f5usoleku tagasiv\u00f5tmine<\/h3>\n<p>Kui isikuandmete t\u00f6\u00f6tlemine toimub kliendi n\u00f5usoleku alusel, on kliendil \u00f5igus n\u00f5usolek t\u00fchistada, teatades sellest klienditoele e-posti teel.<\/p>\n<h3>Isikuandmete s\u00e4ilitamine<\/h3>\n<p>Kui kliendi konto veebipoes suletakse, kustutatakse isikuandmed, v\u00e4lja arvatud juhul, kui selliseid andmeid tuleb s\u00e4ilitada raamatupidamiseesm\u00e4rkidel v\u00f5i tarbijavaidluste lahendamiseks.<\/p>\n<p>Kui veebipoes tehti ost ilma kliendikontot loomata, salvestatakse ostuajalugu kolm aastat.<\/p>\n<p>Maksetega ja tarbijakaebustega seotud vaidluste korral s\u00e4ilitatakse isikuandmeid kuni vastava taotluse t\u00e4itmiseni v\u00f5i n\u00f5udmisel aegumist\u00e4htaja m\u00f6\u00f6dumiseni.<\/p>\n<p>Raamatupidamise eesm\u00e4rgil vajalikke isikuandmeid s\u00e4ilitatakse seitse aastat.<\/p>\n<h3>Kustutamine<\/h3>\n<p>Isikuandmete kustutamiseks p\u00f6\u00f6rduge palun e-posti teel klienditoe poole. E-posti teel esitatud isikuandmete edastamise avaldusele saadetakse vastus hiljemalt \u00fche kuu jooksul. Klienditoe teenus autentib isikut ja teavitab isikuandmete edastamisest.<\/p>\n<h3>Otseturunduse s\u00f5numid<\/h3>\n<p>Tingimustega n\u00f5ustudes annab klient n\u00f5usoleku saada uudiskirju ja pakkumisi e-posti ja telefoni kaudu.<\/p>\n<p>Kui klient ei soovi saada otseturundusteateid, peaks ta kl\u00f5psama e-posti allservas oleval lingil.<\/p>\n<p>Kui isikuandmeid t\u00f6\u00f6deldakse otseturunduse eesm\u00e4rgil (profileerimine), on kliendil igal ajal \u00f5igus esitada vastuv\u00e4iteid nii tema isikuandmete esialgsele kui ka hilisemale t\u00f6\u00f6tlemisele, sealhulgas otseturundusega seotud profiilianal\u00fc\u00fcsi osas, mille jaoks on vaja teenust teavitada klienditugi e-posti teel (asjakohane teave tuleb esitada selgelt ja muust teabest eraldi).<\/p>\n<h3>Vaidluste lahendamine<\/h3>\n<p>Isikuandmete t\u00f6\u00f6tlemisega seotud vaidlused lahendatakse klienditoe kaudu e-posti teel: <a href=\"mailto:johvi@oceansushi.ee\">johvi@oceansushi.ee<\/a>.<\/p>\n<p>J\u00e4relevalveasutus on Eesti Andmekaitse Inspektsioon (info@aki.ee).<\/p>\n<h3>Cashback ja lojaalsusprogramm<\/h3>\n<p>P\u00e4rast tasumist kantakse kliendi isiklikule kontole tagasi cashback 5% tellimuse v\u00e4\u00e4rtusest, mis kehtib 14 p\u00e4eva p\u00e4rast kontole laekumist. Cashback laekub kohe p\u00e4rast makse sooritamist, mida saate j\u00e4lgida oma isiklikul kontol.<\/p>\n<p>Internetist tellides kliendikaardi soodustused ei kehti.<\/p>\n<p>L\u00f5unapakkumiste kategooriate toodete puhul ei tagastata cashbacki.<\/p>\n<h3>Alkohoolsed joogid<\/h3>\n<p>Alkohoolseid jooke saavad tellida meie k\u00fclalised, kes on 18-aastased (tellimise hetkel).<\/p>\n<p>Kulleril v\u00f5i klienditeenindajal on \u00f5igus tellimuse vormistamisel kontrollida kliendi vanust.<\/p>\n<p>Kui klient ei saa dokumenti esitada v\u00f5i ei ole t\u00e4isealine, siis alkohoolseid jooke ei v\u00e4ljastata ning summa tagastatakse kliendile 7 t\u00f6\u00f6p\u00e4eva jooksul.<\/p>\n<h3>S\u00fcnnip\u00e4eva soodustus<\/h3>\n<p>S\u00fcnnip\u00e4evadel pakume oma klientidele 15% allahindlust, mida saab kasutada kas s\u00fcnnip\u00e4eval v\u00f5i \u00fcks p\u00e4ev enne\/p\u00e4rast s\u00fcnnip\u00e4eva. Soodustus ei kehti l\u00f5unapakkumiste puhul.<\/p>\n<p>Kliendid peavad esitama oma isikut t\u00f5endava dokumendi kullerile v\u00f5i teenindajale.<\/p>\n\t\t\t\t\t\t\t\t<\/div>\n\t\t\t\t<\/div>\n\t\t\t\t\t<\/div>\n\t\t<\/div>\n\t\t\t\t\t<\/div>\n\t\t<\/section>\n\t\t\t\t<\/div>\n\t\t","protected":false},"excerpt":{"rendered":"<p>\u0423\u0441\u043b\u043e\u0432\u0438\u044f \u0438 \u043f\u043e\u043b\u043e\u0436\u0435\u043d\u0438\u044f \u00dclds\u00e4tted Veebipoe www.oceansushi.ee omanik on Ocean Sushi Baar O\u00dc (registrinumber: 17246739) Arvutused tehakse euro v\u00e4\u00e4ringus (EUR). Tegevus- ja juriidiline aadress on:Keskv\u00e4ljak 9-2 J\u00f5hvi, J\u00f5hvi vald, Ida-Virumaa 41531E-post: johvi@oceansushi.ee Internetis tellimine Veebipoes tellimusi v\u00f5etakse vastu E..N 11\u201321.40, R&#8230;L 11\u201322.40, \u2028P 11\u201321.40. Maksed tehakse l\u00e4bi Montonio (maksmine toimub Swedbanki, SEB, LHV, Luminori pangas\u00fcsteemide kaudu) [&hellip;]<\/p>\n","protected":false},"author":2,"featured_media":33196,"parent":0,"menu_order":16,"comment_status":"closed","ping_status":"closed","template":"","meta":{"_acf_changed":false,"footnotes":""},"class_list":["post-27978","page","type-page","status-publish","has-post-thumbnail","hentry"],"acf":[],"yoast_head":"<!-- This site is optimized with the Yoast SEO Premium plugin v22.7 (Yoast SEO v24.9) - https:\/\/yoast.com\/wordpress\/plugins\/seo\/ -->\n<title>\u0423\u0441\u043b\u043e\u0432\u0438\u044f \u0437\u0430\u043a\u0430\u0437\u0430 | Ocean Sushi Baar<\/title>\n<meta name=\"description\" content=\"Telli sushi J\u00f5hvis, Kohtla-J\u00e4rvel, Sillam\u00e4el, Toilas, Vokas, Orus, Ahtmes, Kukruses, Sompas, M\u00e4etaguses, Varvaras, Kohtla-N\u00f5mmel, Kurtnas\" \/>\n<meta name=\"robots\" content=\"index, follow, max-snippet:-1, max-image-preview:large, max-video-preview:-1\" \/>\n<link rel=\"canonical\" href=\"https:\/\/johvi.oceansushi.ee\/ru\/terms\/\" \/>\n<script type=\"application\/ld+json\" class=\"yoast-schema-graph\">{\"@context\":\"https:\/\/schema.org\",\"@graph\":[{\"@type\":\"WebPage\",\"@id\":\"https:\/\/johvi.oceansushi.ee\/ru\/terms\/\",\"url\":\"https:\/\/johvi.oceansushi.ee\/ru\/terms\/\",\"name\":\"\u0423\u0441\u043b\u043e\u0432\u0438\u044f \u0437\u0430\u043a\u0430\u0437\u0430 | Ocean Sushi Baar\",\"isPartOf\":{\"@id\":\"https:\/\/johvi.oceansushi.ee\/ru\/#website\"},\"primaryImageOfPage\":{\"@id\":\"https:\/\/johvi.oceansushi.ee\/ru\/terms\/#primaryimage\"},\"image\":{\"@id\":\"https:\/\/johvi.oceansushi.ee\/ru\/terms\/#primaryimage\"},\"thumbnailUrl\":\"https:\/\/johvi.oceansushi.ee\/wp-content\/uploads\/2023\/02\/og.jpg\",\"datePublished\":\"2023-01-13T15:58:14+00:00\",\"dateModified\":\"2025-06-02T08:22:45+00:00\",\"description\":\"Telli sushi J\u00f5hvis, Kohtla-J\u00e4rvel, Sillam\u00e4el, Toilas, Vokas, Orus, Ahtmes, Kukruses, Sompas, M\u00e4etaguses, Varvaras, Kohtla-N\u00f5mmel, Kurtnas\",\"breadcrumb\":{\"@id\":\"https:\/\/johvi.oceansushi.ee\/ru\/terms\/#breadcrumb\"},\"inLanguage\":\"ru-RU\",\"potentialAction\":[{\"@type\":\"ReadAction\",\"target\":[\"https:\/\/johvi.oceansushi.ee\/ru\/terms\/\"]}]},{\"@type\":\"ImageObject\",\"inLanguage\":\"ru-RU\",\"@id\":\"https:\/\/johvi.oceansushi.ee\/ru\/terms\/#primaryimage\",\"url\":\"https:\/\/johvi.oceansushi.ee\/wp-content\/uploads\/2023\/02\/og.jpg\",\"contentUrl\":\"https:\/\/johvi.oceansushi.ee\/wp-content\/uploads\/2023\/02\/og.jpg\",\"width\":1200,\"height\":630},{\"@type\":\"BreadcrumbList\",\"@id\":\"https:\/\/johvi.oceansushi.ee\/ru\/terms\/#breadcrumb\",\"itemListElement\":[{\"@type\":\"ListItem\",\"position\":1,\"name\":\"Home\",\"item\":\"https:\/\/johvi.oceansushi.ee\/ru\/\"},{\"@type\":\"ListItem\",\"position\":2,\"name\":\"\u0423\u0441\u043b\u043e\u0432\u0438\u044f \u0437\u0430\u043a\u0430\u0437\u0430\"}]},{\"@type\":\"WebSite\",\"@id\":\"https:\/\/johvi.oceansushi.ee\/ru\/#website\",\"url\":\"https:\/\/johvi.oceansushi.ee\/ru\/\",\"name\":\"Ocean Sushi Baar\",\"description\":\"\",\"publisher\":{\"@id\":\"https:\/\/johvi.oceansushi.ee\/ru\/#organization\"},\"potentialAction\":[{\"@type\":\"SearchAction\",\"target\":{\"@type\":\"EntryPoint\",\"urlTemplate\":\"https:\/\/johvi.oceansushi.ee\/ru\/?s={search_term_string}\"},\"query-input\":{\"@type\":\"PropertyValueSpecification\",\"valueRequired\":true,\"valueName\":\"search_term_string\"}}],\"inLanguage\":\"ru-RU\"},{\"@type\":\"Organization\",\"@id\":\"https:\/\/johvi.oceansushi.ee\/ru\/#organization\",\"name\":\"Ocean Sushi Baar\",\"url\":\"https:\/\/johvi.oceansushi.ee\/ru\/\",\"logo\":{\"@type\":\"ImageObject\",\"inLanguage\":\"ru-RU\",\"@id\":\"https:\/\/johvi.oceansushi.ee\/ru\/#\/schema\/logo\/image\/\",\"url\":\"https:\/\/johvi.oceansushi.ee\/wp-content\/uploads\/2023\/01\/Asset-1.svg\",\"contentUrl\":\"https:\/\/johvi.oceansushi.ee\/wp-content\/uploads\/2023\/01\/Asset-1.svg\",\"width\":512,\"height\":512,\"caption\":\"Ocean Sushi Baar\"},\"image\":{\"@id\":\"https:\/\/johvi.oceansushi.ee\/ru\/#\/schema\/logo\/image\/\"},\"sameAs\":[\"https:\/\/www.facebook.com\/Oceansushibaar\"]}]}<\/script>\n<!-- \/ Yoast SEO Premium plugin. -->","yoast_head_json":{"title":"\u0423\u0441\u043b\u043e\u0432\u0438\u044f \u0437\u0430\u043a\u0430\u0437\u0430 | Ocean Sushi Baar","description":"Telli sushi J\u00f5hvis, Kohtla-J\u00e4rvel, Sillam\u00e4el, Toilas, Vokas, Orus, Ahtmes, Kukruses, Sompas, M\u00e4etaguses, Varvaras, Kohtla-N\u00f5mmel, Kurtnas","robots":{"index":"index","follow":"follow","max-snippet":"max-snippet:-1","max-image-preview":"max-image-preview:large","max-video-preview":"max-video-preview:-1"},"canonical":"https:\/\/johvi.oceansushi.ee\/ru\/terms\/","schema":{"@context":"https:\/\/schema.org","@graph":[{"@type":"WebPage","@id":"https:\/\/johvi.oceansushi.ee\/ru\/terms\/","url":"https:\/\/johvi.oceansushi.ee\/ru\/terms\/","name":"\u0423\u0441\u043b\u043e\u0432\u0438\u044f \u0437\u0430\u043a\u0430\u0437\u0430 | Ocean Sushi Baar","isPartOf":{"@id":"https:\/\/johvi.oceansushi.ee\/ru\/#website"},"primaryImageOfPage":{"@id":"https:\/\/johvi.oceansushi.ee\/ru\/terms\/#primaryimage"},"image":{"@id":"https:\/\/johvi.oceansushi.ee\/ru\/terms\/#primaryimage"},"thumbnailUrl":"https:\/\/johvi.oceansushi.ee\/wp-content\/uploads\/2023\/02\/og.jpg","datePublished":"2023-01-13T15:58:14+00:00","dateModified":"2025-06-02T08:22:45+00:00","description":"Telli sushi J\u00f5hvis, Kohtla-J\u00e4rvel, Sillam\u00e4el, Toilas, Vokas, Orus, Ahtmes, Kukruses, Sompas, M\u00e4etaguses, Varvaras, Kohtla-N\u00f5mmel, Kurtnas","breadcrumb":{"@id":"https:\/\/johvi.oceansushi.ee\/ru\/terms\/#breadcrumb"},"inLanguage":"ru-RU","potentialAction":[{"@type":"ReadAction","target":["https:\/\/johvi.oceansushi.ee\/ru\/terms\/"]}]},{"@type":"ImageObject","inLanguage":"ru-RU","@id":"https:\/\/johvi.oceansushi.ee\/ru\/terms\/#primaryimage","url":"https:\/\/johvi.oceansushi.ee\/wp-content\/uploads\/2023\/02\/og.jpg","contentUrl":"https:\/\/johvi.oceansushi.ee\/wp-content\/uploads\/2023\/02\/og.jpg","width":1200,"height":630},{"@type":"BreadcrumbList","@id":"https:\/\/johvi.oceansushi.ee\/ru\/terms\/#breadcrumb","itemListElement":[{"@type":"ListItem","position":1,"name":"Home","item":"https:\/\/johvi.oceansushi.ee\/ru\/"},{"@type":"ListItem","position":2,"name":"\u0423\u0441\u043b\u043e\u0432\u0438\u044f \u0437\u0430\u043a\u0430\u0437\u0430"}]},{"@type":"WebSite","@id":"https:\/\/johvi.oceansushi.ee\/ru\/#website","url":"https:\/\/johvi.oceansushi.ee\/ru\/","name":"Ocean Sushi Baar","description":"","publisher":{"@id":"https:\/\/johvi.oceansushi.ee\/ru\/#organization"},"potentialAction":[{"@type":"SearchAction","target":{"@type":"EntryPoint","urlTemplate":"https:\/\/johvi.oceansushi.ee\/ru\/?s={search_term_string}"},"query-input":{"@type":"PropertyValueSpecification","valueRequired":true,"valueName":"search_term_string"}}],"inLanguage":"ru-RU"},{"@type":"Organization","@id":"https:\/\/johvi.oceansushi.ee\/ru\/#organization","name":"Ocean Sushi Baar","url":"https:\/\/johvi.oceansushi.ee\/ru\/","logo":{"@type":"ImageObject","inLanguage":"ru-RU","@id":"https:\/\/johvi.oceansushi.ee\/ru\/#\/schema\/logo\/image\/","url":"https:\/\/johvi.oceansushi.ee\/wp-content\/uploads\/2023\/01\/Asset-1.svg","contentUrl":"https:\/\/johvi.oceansushi.ee\/wp-content\/uploads\/2023\/01\/Asset-1.svg","width":512,"height":512,"caption":"Ocean Sushi Baar"},"image":{"@id":"https:\/\/johvi.oceansushi.ee\/ru\/#\/schema\/logo\/image\/"},"sameAs":["https:\/\/www.facebook.com\/Oceansushibaar"]}]}},"_links":{"self":[{"href":"https:\/\/johvi.oceansushi.ee\/ru\/wp-json\/wp\/v2\/pages\/27978","targetHints":{"allow":["GET"]}}],"collection":[{"href":"https:\/\/johvi.oceansushi.ee\/ru\/wp-json\/wp\/v2\/pages"}],"about":[{"href":"https:\/\/johvi.oceansushi.ee\/ru\/wp-json\/wp\/v2\/types\/page"}],"author":[{"embeddable":true,"href":"https:\/\/johvi.oceansushi.ee\/ru\/wp-json\/wp\/v2\/users\/2"}],"replies":[{"embeddable":true,"href":"https:\/\/johvi.oceansushi.ee\/ru\/wp-json\/wp\/v2\/comments?post=27978"}],"version-history":[{"count":2,"href":"https:\/\/johvi.oceansushi.ee\/ru\/wp-json\/wp\/v2\/pages\/27978\/revisions"}],"predecessor-version":[{"id":54786,"href":"https:\/\/johvi.oceansushi.ee\/ru\/wp-json\/wp\/v2\/pages\/27978\/revisions\/54786"}],"wp:featuredmedia":[{"embeddable":true,"href":"https:\/\/johvi.oceansushi.ee\/ru\/wp-json\/wp\/v2\/media\/33196"}],"wp:attachment":[{"href":"https:\/\/johvi.oceansushi.ee\/ru\/wp-json\/wp\/v2\/media?parent=27978"}],"curies":[{"name":"wp","href":"https:\/\/api.w.org\/{rel}","templated":true}]}}